{"id":499,"date":"2017-11-12T23:21:54","date_gmt":"2017-11-12T22:21:54","guid":{"rendered":"http:\/\/venezia.fisoveneto.it\/?page_id=499"},"modified":"2017-11-12T23:21:54","modified_gmt":"2017-11-12T22:21:54","slug":"regolamento-2018","status":"publish","type":"page","link":"https:\/\/venezia.fisoveneto.it\/?page_id=499","title":{"rendered":"Regolamento 2018"},"content":{"rendered":"<p class=\"western\" align=\"justify\"><span style=\"font-family: Arial,sans-serif;\">L&#8217;Inverno Veneziano \u00e8 un circuito promozionale, aperto a tutti. Il circuito avr\u00e0 una classifica finale <\/span><span style=\"font-family: Arial,sans-serif;\"><b>per gli atleti agonisti<\/b><\/span><span style=\"font-family: Arial,sans-serif;\"> basata sui risultati degli atleti nelle varie prove. Al termine del circuito verranno premiati i vincitori, per ogni categoria di et\u00e0. Inoltre nelle categorie giovanili verranno premiati anche i migliori atleti tesserati con societ\u00e0 veneziane.<\/span><\/p>\n<p class=\"western\" align=\"justify\"><strong><span style=\"color: #000000;\"><span style=\"font-family: Arial,sans-serif;\">PERCORSI<\/span><\/span><\/strong><span style=\"color: #000000;\"><span style=\"font-family: Arial,sans-serif;\">: elenchiamo qui sotto i percorsi con le categorie per et\u00e0 corrispondenti (escluso le gare regionali):<\/span><\/span><\/p>\n<table cellspacing=\"0\" cellpadding=\"2\">\n<colgroup>\n<col width=\"130\" \/>\n<col width=\"110\" \/>\n<col width=\"279\" \/> <\/colgroup>\n<tbody>\n<tr>\n<td width=\"130\">\n<p class=\"western\"><strong><span style=\"color: #000000;\"><span style=\"font-family: Arial,sans-serif;\">Percorso<\/span><\/span><\/strong><\/p>\n<\/td>\n<td width=\"110\">\n<p class=\"western\"><strong><span style=\"color: #000000;\"><span style=\"font-family: Arial,sans-serif;\">Difficolt\u00e0<\/span><\/span><\/strong><\/p>\n<\/td>\n<td width=\"279\">\n<p class=\"western\"><strong><span style=\"color: #000000;\"><span style=\"font-family: Arial,sans-serif;\">Categorie indicative<\/span><\/span><\/strong><\/p>\n<\/td>\n<\/tr>\n<tr valign=\"top\">\n<td width=\"130\">\n<p class=\"western\"><strong><span style=\"color: #000000;\"><span style=\"font-family: Arial,sans-serif;\">MW BIANCO\u00a0 \u00a0\u00a0 \u00a0\u00a0\u00a0<\/span><\/span><\/strong><\/p>\n<\/td>\n<td width=\"110\">\n<p class=\"western\"><strong><span style=\"color: #000000;\"><span style=\"font-family: Arial,sans-serif;\">Facile<\/span><\/span><\/strong><\/p>\n<\/td>\n<td width=\"279\">\n<p class=\"western\"><strong><span style=\"color: #000000;\"><span style=\"font-family: Arial,sans-serif;\">MW12 \u2013 Esordienti \u2013 Scuole Medie ed Elementari<\/span><\/span><\/strong><\/p>\n<\/td>\n<\/tr>\n<tr valign=\"top\">\n<td width=\"130\">\n<p class=\"western\"><strong><span style=\"color: #000000;\"><span style=\"font-family: Arial,sans-serif;\">MW GIALLO<\/span><\/span><\/strong><\/p>\n<\/td>\n<td width=\"110\">\n<p class=\"western\"><strong><span style=\"color: #000000;\"><span style=\"font-family: Arial,sans-serif;\">Medio<\/span><\/span><\/strong><\/p>\n<\/td>\n<td width=\"279\">\n<p class=\"western\"><strong><span style=\"color: #000000;\"><span style=\"font-family: Arial,sans-serif;\">MW14, MW16, W45, W55, MW65<\/span><\/span><\/strong><\/p>\n<\/td>\n<\/tr>\n<tr valign=\"top\">\n<td width=\"130\">\n<p class=\"western\"><strong><span style=\"color: #000000;\"><span style=\"font-family: Arial,sans-serif;\">MW ROSSO<\/span><\/span><\/strong><\/p>\n<\/td>\n<td width=\"110\">\n<p class=\"western\"><strong><span style=\"color: #000000;\"><span style=\"font-family: Arial,sans-serif;\">Medio\/Diff. \u00a0\u00a0 \u00a0\u00a0\u00a0\u00a0<\/span><\/span><\/strong><\/p>\n<\/td>\n<td width=\"279\">\n<p class=\"western\"><strong><span style=\"color: #000000;\"><span style=\"font-family: Arial,sans-serif;\">MW18, M45, M55, W35, \u00a0 \u00a0\u00a0 \u00a0\u00a0<\/span><\/span><\/strong><\/p>\n<\/td>\n<\/tr>\n<tr valign=\"top\">\n<td width=\"130\">\n<p class=\"western\"><strong><span style=\"color: #000000;\"><span style=\"font-family: Arial,sans-serif;\">MW NERO<\/span><\/span><\/strong><\/p>\n<\/td>\n<td width=\"110\">\n<p class=\"western\"><strong><span style=\"color: #000000;\"><span style=\"font-family: Arial,sans-serif;\">Difficile<\/span><\/span><\/strong><\/p>\n<\/td>\n<td width=\"279\">\n<p class=\"western\"><strong><span style=\"color: #000000;\"><span style=\"font-family: Arial,sans-serif;\">MW19-34, M35<\/span><\/span><\/strong><\/p>\n<\/td>\n<\/tr>\n<\/tbody>\n<\/table>\n<p>&nbsp;<\/p>\n<p class=\"western\"><span style=\"color: #000000;\"><span style=\"font-family: Arial,sans-serif;\"><br \/>\n<\/span><\/span><span style=\"color: #000000;\"><span style=\"font-family: Arial,sans-serif;\">Il percorso <strong>Bianco<\/strong>, cos\u00ec come eventuali percorsi Esordienti e Scuole, <\/span><\/span><span style=\"color: #000000;\"><span style=\"font-family: Arial,sans-serif;\">sono riservati esclusivamente agli atleti <strong>non agonisti<\/strong>. <\/span><\/span><strong><span style=\"color: #000000;\"><span style=\"font-family: Arial,sans-serif;\">Attenzione<\/span><\/span><span style=\"color: #000000;\"><span style=\"font-family: Arial,sans-serif;\">: Questi percorsi non daranno punti per la classifica finale dell\u2019Inverno Veneziano<\/span><\/span><span style=\"color: #000000;\"><span style=\"font-family: Arial,sans-serif;\">.<\/span><\/span><\/strong><\/p>\n<p class=\"western\"><span style=\"color: #000000;\"><span style=\"font-family: Arial,sans-serif;\">A parte questo vincolo, ogni concorrente pu\u00f2 liberamente scegliere il colore del percorso dove partecipare: gli abbinamenti per et\u00e0 della tabella sono solo indicativi. <\/span><\/span><\/p>\n<p class=\"western\"><span style=\"color: #000000;\"><span style=\"font-family: Arial,sans-serif;\"><strong>QUOTE<\/strong>: <\/span><\/span><span style=\"color: #000000;\"><span style=\"font-family: Arial,sans-serif;\">La quota di iscrizione alla gara \u00e8 di 5,00 \u20ac (escluso le gare regionali); il noleggio dello sport-ident \u00e8 gratuito.<\/span><\/span><\/p>\n<p class=\"western\"><span style=\"color: #000000;\"><span style=\"font-family: Arial,sans-serif;\"><strong>ISCRIZIONI<\/strong>: <\/span><\/span><span style=\"color: #000000;\"><span style=\"font-family: Arial,sans-serif;\">\u00c8 possibile preiscriversi via mail.<\/span><\/span> <span style=\"color: #000000;\"><span style=\"font-family: Arial,sans-serif;\">Le societ\u00e0 organizzatrici accetteranno le iscrizioni anche il giorno di gara,<\/span><\/span> <strong><span style=\"color: #000000;\"><span style=\"font-family: Arial,sans-serif;\">fino ad esaurimento cartine<\/span><\/span><\/strong><span style=\"color: #000000;\"><span style=\"font-family: Arial,sans-serif;\">.<\/span><\/span><\/p>\n<p class=\"western\"><span style=\"color: #000000;\"><span style=\"font-family: Arial,sans-serif;\"><strong>PREMIAZIONE DELLA SINGOLA TAPPA<\/strong>: <\/span><\/span><span style=\"color: #000000;\"><span style=\"font-family: Arial,sans-serif;\">Verranno premiati i primi tre maschi e le prime tre femmine di ogni colore (Bianco, Giallo, Rosso e Nero). Ogni societ\u00e0 organizzatrice pu\u00f2 decidere di aggiungere eventuali altri premi ad esempio per scuole e per giovanissimi.<\/span><\/span><\/p>\n<p class=\"western\"><strong><span style=\"color: #000000;\"><span style=\"font-family: Arial,sans-serif;\">PUNTEGGIO:<\/span><\/span><\/strong><span style=\"color: #000000;\"><span style=\"font-family: Arial,sans-serif;\"> Ogni atleta <\/span><\/span><span style=\"color: #000000;\"><span style=\"font-family: Arial,sans-serif;\"><b>agonista<\/b><\/span><\/span><span style=\"color: #000000;\"><span style=\"font-family: Arial,sans-serif;\"> che termina regolarmente la gara riceve un punteggio gara. Al termine del circuito il calcolo del punteggio finale per l&#8217;atleta sar\u00e0 dato dalla somma dei punteggi gara delle 4 migliori prove sulle 5 tappe totali, e verr\u00e0 inserito nella classifica della propria categoria di appartenenza in base all&#8217;et\u00e0. Le fasce d\u2019et\u00e0 che compariranno nella classifica finale sono: MW14, MW16, MW18, MW19-34, MW35, MW45, MW55, MW65.<\/span><\/span><\/p>\n<p><strong><span style=\"color: #000000;\"><span style=\"font-family: Arial,sans-serif;\">SISTEMA PER IL CALCOLO DEL PUNTEGGIO<\/span><\/span><\/strong><span style=\"color: #000000;\"><span style=\"font-family: Arial,sans-serif;\">: Ogni percorso o categoria avr\u00e0 un punteggio che chiameremo <\/span><\/span><strong><span style=\"color: #000000;\"><span style=\"font-family: Arial,sans-serif;\">PC<\/span><\/span><\/strong><span style=\"color: #000000;\"><span style=\"font-family: Arial,sans-serif;\"> (punteggio categoria) che sar\u00e0 cos\u00ec individuato:<\/span><\/span><\/p>\n<ul>\n<li>\n<p class=\"western\"><span style=\"color: #000000;\"><span style=\"font-family: Arial,sans-serif;\">Per le gare promozionali sar\u00e0: NERO 100 punti &#8211; ROSSO 80 punti &#8211; GIALLO 60 punti<\/span><\/span><\/p>\n<\/li>\n<li>\n<p class=\"western\"><span style=\"color: #000000;\"><span style=\"font-family: Arial,sans-serif;\">Per le gare regionali sar\u00e0: 50 punti per MW14, W16, W55, W65 e OPEN; 60 punti per M16, W45 e WB; 70 punti per W18, WA, W35 e M65; 75 punti per M55; 80 punti per M18 e MB; 85 punti per M45; 90 punti per M35; 100 punti per MA. <\/span><\/span><\/p>\n<\/li>\n<\/ul>\n<p class=\"western\" align=\"justify\"><span style=\"color: #000000;\"><span style=\"font-family: Arial,sans-serif;\">In ogni gara, al vincitore di ogni percorso o categoria verr\u00e0 assegnato il punteggio categoria\u00a0<\/span><\/span><strong><span style=\"color: #000000;\"><span style=\"font-family: Arial,sans-serif;\">PC.<\/span><\/span><\/strong><span style=\"color: #000000;\"><span style=\"font-family: Arial,sans-serif;\"> Il punteggio che verr\u00e0 assegnato ad ogni altro concorrente (<\/span><\/span><strong><span style=\"color: #000000;\"><span style=\"font-family: Arial,sans-serif;\">PR<\/span><\/span><\/strong><span style=\"color: #000000;\"><span style=\"font-family: Arial,sans-serif;\">) verr\u00e0 calcolato con la seguente formula:<\/span><\/span><strong><span style=\"color: #000000;\"><span style=\"font-family: Arial,sans-serif;\"> PR = TV*PC\/TC<\/span><\/span><\/strong><span style=\"color: #000000;\"><span style=\"font-family: Arial,sans-serif;\"> (<\/span><\/span><strong><span style=\"color: #000000;\"><span style=\"font-family: Arial,sans-serif;\">PR<\/span><\/span><\/strong><span style=\"color: #000000;\"><span style=\"font-family: Arial,sans-serif;\">=punteggio atleta &#8211;\u00a0<\/span><\/span><strong><span style=\"color: #000000;\"><span style=\"font-family: Arial,sans-serif;\">TV<\/span><\/span><\/strong><span style=\"color: #000000;\"><span style=\"font-family: Arial,sans-serif;\">=tempo vincitore &#8211;\u00a0<\/span><\/span><strong><span style=\"color: #000000;\"><span style=\"font-family: Arial,sans-serif;\">PC<\/span><\/span><\/strong><span style=\"color: #000000;\"><span style=\"font-family: Arial,sans-serif;\">=punteggio categoria &#8211;\u00a0<\/span><\/span><strong><span style=\"color: #000000;\"><span style=\"font-family: Arial,sans-serif;\">TC<\/span><\/span><\/strong><span style=\"color: #000000;\"><span style=\"font-family: Arial,sans-serif;\">=tempo atleta).<\/span><\/span><\/p>\n<p class=\"western\" align=\"justify\"><span style=\"font-family: Arial,sans-serif;\">(Esempio: l\u2019atleta Pippo partecipa ad una prova nel percorso ROSSO arrivando al 7\u00b0 posto con il tempo di 37\u201925\u201d. Il tempo del vincitore del percorso Rosso \u00e8 stato di 31\u201946\u201d. Il <\/span><span style=\"font-family: Arial,sans-serif;\"><b>PC<\/b><\/span><span style=\"font-family: Arial,sans-serif;\"> della categoria \u00e8 80 punti. Il punteggio dell\u2019atleta Pippo sar\u00e0: <\/span><span style=\"font-family: Arial,sans-serif;\"><b>PR <\/b><\/span><span style=\"font-family: Arial,sans-serif;\">= 80 * (31*60 + 46) \/ (37*60 + 25) = 67,92 punti.)<\/span><\/p>\n<p class=\"western\" align=\"justify\"><span style=\"font-family: Arial,sans-serif;\">Per le gare di tipo <\/span><span style=\"font-family: Arial,sans-serif;\"><b>score<\/b><\/span><span style=\"font-family: Arial,sans-serif;\">,<\/span><span style=\"font-family: Arial,sans-serif;\"> quindi senza tempi vincitore, si adotteranno i seguenti punteggi a scalare dalla prima posizione in poi: NERO 100 98 96 94\u2026.. (fino al minimo di 40 punti) ROSSO 80 78 76 74\u2026.. (fino al minimo di 30 punti) GIALLO 60 58 56 54\u2026\u2026 (fino al minimo di 20 punti).<\/span><\/p>\n<p class=\"western\" align=\"justify\"><strong><span style=\"color: #000000;\"><span style=\"font-family: Arial,sans-serif;\">PREMIAZIONE FINALE DEL CIRCUITO:<\/span><\/span><\/strong><span style=\"color: #000000;\"><span style=\"font-family: Arial,sans-serif;\"> Al termine del circuito verr\u00e0 stilata la classifica finale con le categorie per et\u00e0, <\/span><\/span><span style=\"color: #000000;\"><span style=\"font-family: Arial,sans-serif;\"><b>per i soli atleti agonisti<\/b><\/span><\/span><span style=\"color: #000000;\"><span style=\"font-family: Arial,sans-serif;\">. Alla premiazione finale, che si svolger\u00e0 in occasione dell&#8217;ultima tappa, verranno premiati i vincitori di ogni categoria. <\/span><\/span><\/p>\n<p class=\"western\" align=\"justify\"><strong><span style=\"color: #000000;\"><span style=\"font-family: Arial,sans-serif;\">CAMPIONATO GIOVANILE VENEZIANO:<\/span><\/span><\/strong><span style=\"color: #000000;\"><span style=\"font-family: Arial,sans-serif;\"> In occasione della premiazione finale verranno premiati anche i migliori classificati nelle categorie MW14, MW16 e MW18 tesserati con societ\u00e0 veneziane.<\/span><\/span><\/p>\n<p class=\"western\" align=\"justify\"><strong><span style=\"color: #000000;\"><span style=\"font-family: Arial,sans-serif;\"><span style=\"font-size: medium;\"><span lang=\"it-IT\">PREMIO FEDELT\u00c0:<\/span><\/span><\/span><\/span><\/strong> <span style=\"color: #000000;\"><span style=\"font-family: Arial,sans-serif;\"><span style=\"font-size: medium;\"><span lang=\"it-IT\">Gli atleti under 12, maschi e femmine, che abbiano partecipato ad almeno 4 prove, riceveranno un premio fedelt\u00e0 al termine dell\u2019ultima prova dell&#8217;Inverno Veneziano.<\/span><\/span><\/span><\/span><\/p>\n<p class=\"western\" align=\"justify\"><span style=\"font-family: Arial,sans-serif;\"><span style=\"font-size: medium;\"><span lang=\"it-IT\"><b>CASI PARTICOLARI: <\/b><\/span><\/span><\/span><span style=\"font-family: Arial,sans-serif;\"><span style=\"font-size: medium;\"><span lang=\"it-IT\">Poich\u00e9 il calendario dell&#8217;Inverno Veneziano \u00e8 a cavallo di due anni agonistici, \u00e8 prevista una gestione speciale per <\/span><\/span><\/span><span style=\"font-family: Arial,sans-serif;\"><span style=\"font-size: medium;\"><span lang=\"it-IT\">gli atleti che passano di categoria al cambio di anno agonistico: questi atleti<\/span><\/span><\/span> <span style=\"font-family: Arial,sans-serif;\"><span style=\"font-size: medium;\"><span lang=\"it-IT\"><b>potranno cumulare nella nuova categoria<\/b><\/span><\/span><\/span><span style=\"font-family: Arial,sans-serif;\"><span style=\"font-size: medium;\"><span lang=\"it-IT\"> anche i punti ottenuti nel 2017 nella vecchia categoria.\u00a0 Esempio: una ragazza che nel 2017 \u00e8 in W18 e nel 2018 passa in W19, nella classifica finale della nuova categoria oltre ai punti conseguiti in W19 ricever\u00e0 anche i punti ottenuti nelle prove del 2017 in W18.<\/span><\/span><\/span><\/p>\n","protected":false},"excerpt":{"rendered":"<p>L&#8217;Inverno Veneziano \u00e8 un circuito promozionale, aperto a tutti. Il circuito avr\u00e0 una classifica finale per gli atleti agonisti basata sui risultati degli atleti nelle varie prove. Al termine del circuito verranno premiati i vincitori, per ogni categoria di et\u00e0. Inoltre nelle categorie giovanili verranno premiati anche i migliori atleti tesserati con societ\u00e0 veneziane. PERCORSI: &hellip; <a href=\"https:\/\/venezia.fisoveneto.it\/?page_id=499\" class=\"more-link\">Continua la lettura di <span class=\"screen-reader-text\">Regolamento 2018<\/span> <span class=\"meta-nav\">&rarr;<\/span><\/a><\/p>\n","protected":false},"author":2,"featured_media":0,"parent":0,"menu_order":0,"comment_status":"open","ping_status":"closed","template":"","meta":[],"_links":{"self":[{"href":"https:\/\/venezia.fisoveneto.it\/index.php?rest_route=\/wp\/v2\/pages\/499"}],"collection":[{"href":"https:\/\/venezia.fisoveneto.it\/index.php?rest_route=\/wp\/v2\/pages"}],"about":[{"href":"https:\/\/venezia.fisoveneto.it\/index.php?rest_route=\/wp\/v2\/types\/page"}],"author":[{"embeddable":true,"href":"https:\/\/venezia.fisoveneto.it\/index.php?rest_route=\/wp\/v2\/users\/2"}],"replies":[{"embeddable":true,"href":"https:\/\/venezia.fisoveneto.it\/index.php?rest_route=%2Fwp%2Fv2%2Fcomments&post=499"}],"version-history":[{"count":6,"href":"https:\/\/venezia.fisoveneto.it\/index.php?rest_route=\/wp\/v2\/pages\/499\/revisions"}],"predecessor-version":[{"id":505,"href":"https:\/\/venezia.fisoveneto.it\/index.php?rest_route=\/wp\/v2\/pages\/499\/revisions\/505"}],"wp:attachment":[{"href":"https:\/\/venezia.fisoveneto.it\/index.php?rest_route=%2Fwp%2Fv2%2Fmedia&parent=499"}],"curies":[{"name":"wp","href":"https:\/\/api.w.org\/{rel}","templated":true}]}}