{"id":608,"date":"2019-01-08T17:44:20","date_gmt":"2019-01-08T16:44:20","guid":{"rendered":"http:\/\/venezia.fisoveneto.it\/?page_id=608"},"modified":"2019-01-10T12:25:01","modified_gmt":"2019-01-10T11:25:01","slug":"regolamento-2019","status":"publish","type":"page","link":"https:\/\/venezia.fisoveneto.it\/?page_id=608","title":{"rendered":"Regolamento 2019"},"content":{"rendered":"<p>L&#8217;Inverno Veneziano \u00e8 un circuito promozionale, aperto a tutti. Il circuito avr\u00e0 una classifica finale <strong>per gli atleti che gareggiano nei percorsi Giallo, Rosso e Nero<\/strong> basata sui risultati degli atleti nelle varie prove. Al termine del circuito verranno premiati i vincitori, per ogni categoria di et\u00e0. Inoltre nelle categorie giovanili verranno premiati anche i migliori atleti tesserati con societ\u00e0 veneziane.<\/p>\n<p><strong>PERCORSI<\/strong>: elenchiamo qui sotto i percorsi con le categorie per et\u00e0 corrispondenti (escluso le gare regionali):<\/p>\n<table>\n<tbody>\n<tr>\n<td width=\"134\"><strong>Percorso<\/strong><\/td>\n<td width=\"114\"><strong>Difficolt\u00e0<\/strong><\/td>\n<td width=\"283\"><strong>Categorie indicative<\/strong><\/td>\n<\/tr>\n<tr>\n<td width=\"134\"><strong>MW BIANCO\u00a0 \u00a0\u00a0 \u00a0\u00a0\u00a0<\/strong><\/td>\n<td width=\"114\"><strong>Facile<\/strong><\/td>\n<td width=\"283\"><strong>MW12 \u2013 Esordienti \u2013 Scuole Medie ed Elementari<\/strong><\/td>\n<\/tr>\n<tr>\n<td width=\"134\"><strong>MW GIALLO<\/strong><\/td>\n<td width=\"114\"><strong>Medio<\/strong><\/td>\n<td width=\"283\"><strong>MW14, MW16, W45, W55, MW65<\/strong><\/td>\n<\/tr>\n<tr>\n<td width=\"134\"><strong>MW ROSSO<\/strong><\/td>\n<td width=\"114\"><strong>Medio\/Diff. \u00a0\u00a0 \u00a0\u00a0\u00a0\u00a0<\/strong><\/td>\n<td width=\"283\"><strong>MW18, M45, M55, W35, \u00a0 \u00a0\u00a0 \u00a0\u00a0<\/strong><\/td>\n<\/tr>\n<tr>\n<td width=\"134\"><strong>MW NERO<\/strong><\/td>\n<td width=\"114\"><strong>Difficile<\/strong><\/td>\n<td width=\"283\"><strong>MW19-34, M35<\/strong><\/td>\n<\/tr>\n<\/tbody>\n<\/table>\n<p>Per ogni colore verr\u00e0 predisposta la categoria femminile e quella maschile (Giallo W e Giallo M, ecc.).<\/p>\n<p>Ogni societ\u00e0 organizzatrice potr\u00e0 inoltre proporre a sua discrezione, oltre al percorso Bianco, altri percorsi facili (Scuole, ecc.), ed eventuali percorsi Ludico-Motori. Tutti questi <strong>non daranno punti<\/strong> per la classifica finale dell\u2019Inverno Veneziano. Ogni concorrente pu\u00f2 liberamente scegliere il colore del percorso dove partecipare: gli abbinamenti per et\u00e0 della tabella sono solo indicativi.<\/p>\n<p><strong>QUOTE: <\/strong>La quota di iscrizione alla gara \u00e8 a discrezione della societ\u00e0 organizzatrice, con un massimo di 7,00 \u20ac da regolamento Fiso; il noleggio dello sport-ident \u00e8 gratuito.<\/p>\n<p><strong>ISCRIZIONI:<\/strong> \u00c8 possibile preiscriversi via mail. Le societ\u00e0 organizzatrici accetteranno le iscrizioni anche il giorno di gara, <strong>fino ad esaurimento cartine<\/strong><strong>.<\/strong><\/p>\n<p><strong>PREMIAZIONE DELLA SINGOLA TAPPA:<\/strong> Verranno premiati i primi tre di ogni categoria prevista.\u00a0 Ogni societ\u00e0 organizzatrice pu\u00f2 decidere di aggiungere eventuali altri premi per le altre categorie e per giovanissimi.<\/p>\n<p><strong>PUNTEGGIO:<\/strong> Ogni atleta <strong>dei percorsi Giallo, Rosso e Nero<\/strong> che termina regolarmente la gara riceve un punteggio gara. Al termine del circuito il calcolo del punteggio finale per l&#8217;atleta sar\u00e0 dato dalla somma dei punteggi gara delle 3 migliori prove sulle 4 tappe totali, e verr\u00e0 inserito nella classifica della propria categoria di appartenenza in base all&#8217;et\u00e0. Le fasce d\u2019et\u00e0 che compariranno nella classifica finale sono: MW12, MW14, MW16, MW18, MW19-34, MW35, MW45, MW55, MW65.<\/p>\n<p><strong>SISTEMA PER IL CALCOLO DEL PUNTEGGIO<\/strong>: Ogni percorso o categoria avr\u00e0 un punteggio che chiameremo <strong>PC<\/strong> (punteggio categoria) che sar\u00e0 cos\u00ec individuato:<\/p>\n<ul>\n<li>Per le gare promozionali sar\u00e0: NERO 100 punti \u2013 ROSSO 80 punti &#8211; GIALLO 60 punti<\/li>\n<\/ul>\n<p>In ogni gara, al vincitore di ogni categoria verr\u00e0 assegnato il punteggio categoria\u00a0<strong>PC.<\/strong> Il punteggio che verr\u00e0 assegnato ad ogni altro concorrente (<strong>PR<\/strong>) verr\u00e0 calcolato con la seguente formula:<strong> PR = TV*PC\/TC<\/strong> (<strong>PR<\/strong>=punteggio atleta &#8211;\u00a0<strong>TV<\/strong>=tempo vincitore &#8211;\u00a0<strong>PC<\/strong>=punteggio categoria &#8211;\u00a0<strong>TC<\/strong>=tempo atleta).<\/p>\n<p>(Esempio: l\u2019atleta Pippo partecipa ad una prova nel percorso ROSSO M arrivando al 7\u00b0 posto con il tempo di 37\u201925\u201d. Il tempo del vincitore del percorso Rosso M \u00e8 stato di 31\u201946\u201d. Il <strong>PC<\/strong> della categoria \u00e8 80 punti. Il punteggio dell\u2019atleta Pippo sar\u00e0: <strong>PR <\/strong>= 80 * (31*60 + 46) \/ (37*60 + 25) = 67,92 punti.)<\/p>\n<p>Per le gare di tipo <strong>score<\/strong>, quindi senza tempi vincitore, si adotteranno i seguenti punteggi a scalare dalla prima posizione in poi: NERO 100 98 96 94\u2026.. (fino al minimo di 40 punti) ROSSO 80 78 76 74\u2026.. (fino al minimo di 30 punti) GIALLO 60 58 56 54\u2026\u2026 (fino al minimo di 20 punti).<\/p>\n<p><strong>PREMIAZIONE FINALE DEL CIRCUITO:<\/strong> Al termine del circuito verr\u00e0 stilata la classifica finale con le categorie per et\u00e0, che includer\u00e0 solamente gli atleti che hanno ottenuto punti in una o pi\u00f9 gare. Alla premiazione finale, che si svolger\u00e0 in occasione dell&#8217;ultima tappa, verranno premiati i vincitori di ogni categoria.<\/p>\n<p align=\"justify\"><strong>CAMPIONATO GIOVANILE VENEZIANO:<\/strong> In occasione della premiazione finale verranno premiati anche i migliori classificati nelle categorie MW12, MW14, MW16 e MW18 tesserati con societ\u00e0 veneziane.<\/p>\n","protected":false},"excerpt":{"rendered":"<p>L&#8217;Inverno Veneziano \u00e8 un circuito promozionale, aperto a tutti. Il circuito avr\u00e0 una classifica finale per gli atleti che gareggiano nei percorsi Giallo, Rosso e Nero basata sui risultati degli atleti nelle varie prove. Al termine del circuito verranno premiati i vincitori, per ogni categoria di et\u00e0. Inoltre nelle categorie giovanili verranno premiati anche i &hellip; <a href=\"https:\/\/venezia.fisoveneto.it\/?page_id=608\" class=\"more-link\">Continua la lettura di <span class=\"screen-reader-text\">Regolamento 2019<\/span> <span class=\"meta-nav\">&rarr;<\/span><\/a><\/p>\n","protected":false},"author":2,"featured_media":0,"parent":0,"menu_order":0,"comment_status":"open","ping_status":"closed","template":"","meta":[],"_links":{"self":[{"href":"https:\/\/venezia.fisoveneto.it\/index.php?rest_route=\/wp\/v2\/pages\/608"}],"collection":[{"href":"https:\/\/venezia.fisoveneto.it\/index.php?rest_route=\/wp\/v2\/pages"}],"about":[{"href":"https:\/\/venezia.fisoveneto.it\/index.php?rest_route=\/wp\/v2\/types\/page"}],"author":[{"embeddable":true,"href":"https:\/\/venezia.fisoveneto.it\/index.php?rest_route=\/wp\/v2\/users\/2"}],"replies":[{"embeddable":true,"href":"https:\/\/venezia.fisoveneto.it\/index.php?rest_route=%2Fwp%2Fv2%2Fcomments&post=608"}],"version-history":[{"count":2,"href":"https:\/\/venezia.fisoveneto.it\/index.php?rest_route=\/wp\/v2\/pages\/608\/revisions"}],"predecessor-version":[{"id":610,"href":"https:\/\/venezia.fisoveneto.it\/index.php?rest_route=\/wp\/v2\/pages\/608\/revisions\/610"}],"wp:attachment":[{"href":"https:\/\/venezia.fisoveneto.it\/index.php?rest_route=%2Fwp%2Fv2%2Fmedia&parent=608"}],"curies":[{"name":"wp","href":"https:\/\/api.w.org\/{rel}","templated":true}]}}